{"id":17,"date":"2026-01-19T17:32:23","date_gmt":"2026-01-19T17:32:23","guid":{"rendered":"https:\/\/3dimprime.ovh\/?page_id=17"},"modified":"2026-02-04T15:15:55","modified_gmt":"2026-02-04T15:15:55","slug":"page-daccueil","status":"publish","type":"page","link":"https:\/\/3dimprime.ovh\/","title":{"rendered":"Page d&rsquo;accueil"},"content":{"rendered":"\t\t<div data-elementor-type=\"wp-post\" data-elementor-id=\"17\" class=\"elementor elementor-17\">\n\t\t\t\t<div class=\"elementor-element elementor-element-33af188 e-flex e-con-boxed e-con e-parent\" data-id=\"33af188\" data-element_type=\"container\" data-e-type=\"container\" data-settings=\"{&quot;background_background&quot;:&quot;classic&quot;}\">\n\t\t\t\t\t<div class=\"e-con-inner\">\n\t\t\t\t<div class=\"elementor-element elementor-element-bb21899 elementor-widget elementor-widget-heading\" data-id=\"bb21899\" data-element_type=\"widget\" data-e-type=\"widget\" data-widget_type=\"heading.default\">\n\t\t\t\t\t<h2 class=\"elementor-heading-title elementor-size-default\">Bienvenue sur 3D imprime<br><\/h2>\t\t\t\t<\/div>\n\t\t\t\t<div class=\"elementor-element elementor-element-50b4e83 elementor-widget elementor-widget-heading\" data-id=\"50b4e83\" data-element_type=\"widget\" data-e-type=\"widget\" data-widget_type=\"heading.default\">\n\t\t\t\t\t<h2 class=\"elementor-heading-title elementor-size-default\">La solution pour mesurer et conna\u00eetre son environnement ext\u00e9rieur<\/h2>\t\t\t\t<\/div>\n\t\t\t\t<div class=\"elementor-element elementor-element-a4e0dd0 elementor-button-info elementor-align-center elementor-widget elementor-widget-button\" data-id=\"a4e0dd0\" data-element_type=\"widget\" data-e-type=\"widget\" data-widget_type=\"button.default\">\n\t\t\t\t\t\t\t\t\t\t<a class=\"elementor-button elementor-button-link elementor-size-sm\" href=\"https:\/\/3dimprime.ovh\/index.php\/aerosense\/\">\n\t\t\t\t\t\t<span class=\"elementor-button-content-wrapper\">\n\t\t\t\t\t\t\t\t\t<span class=\"elementor-button-text\">AeroSense<\/span>\n\t\t\t\t\t<\/span>\n\t\t\t\t\t<\/a>\n\t\t\t\t\t\t\t\t<\/div>\n\t\t\t\t\t<\/div>\n\t\t\t\t<\/div>\n\t\t<div class=\"elementor-element elementor-element-ca7a68c e-con-full e-flex e-con e-parent\" data-id=\"ca7a68c\" data-element_type=\"container\" data-e-type=\"container\">\n\t\t<div class=\"elementor-element elementor-element-da35d44 e-con-full e-flex e-con e-child\" data-id=\"da35d44\" data-element_type=\"container\" data-e-type=\"container\" data-settings=\"{&quot;background_background&quot;:&quot;classic&quot;}\">\n\t\t\t\t<div class=\"elementor-element elementor-element-8a31de2 elementor-align-center elementor-icon-list--layout-traditional elementor-list-item-link-full_width elementor-widget elementor-widget-icon-list\" data-id=\"8a31de2\" data-element_type=\"widget\" data-e-type=\"widget\" data-widget_type=\"icon-list.default\">\n\t\t\t\t\t\t\t<ul class=\"elementor-icon-list-items\">\n\t\t\t\t\t\t\t<li class=\"elementor-icon-list-item\">\n\t\t\t\t\t\t\t\t\t\t\t<span class=\"elementor-icon-list-icon\">\n\t\t\t\t\t\t\t<svg aria-hidden=\"true\" class=\"e-font-icon-svg e-far-hand-pointer\" viewBox=\"0 0 448 512\" xmlns=\"http:\/\/www.w3.org\/2000\/svg\"><path d=\"M358.182 179.361c-19.493-24.768-52.679-31.945-79.872-19.098-15.127-15.687-36.182-22.487-56.595-19.629V67c0-36.944-29.736-67-66.286-67S89.143 30.056 89.143 67v161.129c-19.909-7.41-43.272-5.094-62.083 8.872-29.355 21.795-35.793 63.333-14.55 93.152l109.699 154.001C134.632 501.59 154.741 512 176 512h178.286c30.802 0 57.574-21.5 64.557-51.797l27.429-118.999A67.873 67.873 0 0 0 448 326v-84c0-46.844-46.625-79.273-89.818-62.639zM80.985 279.697l27.126 38.079c8.995 12.626 29.031 6.287 29.031-9.283V67c0-25.12 36.571-25.16 36.571 0v175c0 8.836 7.163 16 16 16h6.857c8.837 0 16-7.164 16-16v-35c0-25.12 36.571-25.16 36.571 0v35c0 8.836 7.163 16 16 16H272c8.837 0 16-7.164 16-16v-21c0-25.12 36.571-25.16 36.571 0v21c0 8.836 7.163 16 16 16h6.857c8.837 0 16-7.164 16-16 0-25.121 36.571-25.16 36.571 0v84c0 1.488-.169 2.977-.502 4.423l-27.43 119.001c-1.978 8.582-9.29 14.576-17.782 14.576H176c-5.769 0-11.263-2.878-14.697-7.697l-109.712-154c-14.406-20.223 14.994-42.818 29.394-22.606zM176.143 400v-96c0-8.837 6.268-16 14-16h6c7.732 0 14 7.163 14 16v96c0 8.837-6.268 16-14 16h-6c-7.733 0-14-7.163-14-16zm75.428 0v-96c0-8.837 6.268-16 14-16h6c7.732 0 14 7.163 14 16v96c0 8.837-6.268 16-14 16h-6c-7.732 0-14-7.163-14-16zM327 400v-96c0-8.837 6.268-16 14-16h6c7.732 0 14 7.163 14 16v96c0 8.837-6.268 16-14 16h-6c-7.732 0-14-7.163-14-16z\"><\/path><\/svg>\t\t\t\t\t\t<\/span>\n\t\t\t\t\t\t\t\t\t\t<span class=\"elementor-icon-list-text\">Intervention sur site<\/span>\n\t\t\t\t\t\t\t\t\t<\/li>\n\t\t\t\t\t\t\t\t<li class=\"elementor-icon-list-item\">\n\t\t\t\t\t\t\t\t\t\t\t<span class=\"elementor-icon-list-icon\">\n\t\t\t\t\t\t\t<svg aria-hidden=\"true\" class=\"e-font-icon-svg e-fas-check-square\" viewBox=\"0 0 448 512\" xmlns=\"http:\/\/www.w3.org\/2000\/svg\"><path d=\"M400 480H48c-26.51 0-48-21.49-48-48V80c0-26.51 21.49-48 48-48h352c26.51 0 48 21.49 48 48v352c0 26.51-21.49 48-48 48zm-204.686-98.059l184-184c6.248-6.248 6.248-16.379 0-22.627l-22.627-22.627c-6.248-6.248-16.379-6.249-22.628 0L184 302.745l-70.059-70.059c-6.248-6.248-16.379-6.248-22.628 0l-22.627 22.627c-6.248 6.248-6.248 16.379 0 22.627l104 104c6.249 6.25 16.379 6.25 22.628.001z\"><\/path><\/svg>\t\t\t\t\t\t<\/span>\n\t\t\t\t\t\t\t\t\t\t<span class=\"elementor-icon-list-text\">Collecte et mesures des \u00e9l\u00e9ments<\/span>\n\t\t\t\t\t\t\t\t\t<\/li>\n\t\t\t\t\t\t\t\t<li class=\"elementor-icon-list-item\">\n\t\t\t\t\t\t\t\t\t\t\t<span class=\"elementor-icon-list-icon\">\n\t\t\t\t\t\t\t<svg aria-hidden=\"true\" class=\"e-font-icon-svg e-fas-scroll\" viewBox=\"0 0 640 512\" xmlns=\"http:\/\/www.w3.org\/2000\/svg\"><path d=\"M48 0C21.53 0 0 21.53 0 48v64c0 8.84 7.16 16 16 16h80V48C96 21.53 74.47 0 48 0zm208 412.57V352h288V96c0-52.94-43.06-96-96-96H111.59C121.74 13.41 128 29.92 128 48v368c0 38.87 34.65 69.65 74.75 63.12C234.22 474 256 444.46 256 412.57zM288 384v32c0 52.93-43.06 96-96 96h336c61.86 0 112-50.14 112-112 0-8.84-7.16-16-16-16H288z\"><\/path><\/svg>\t\t\t\t\t\t<\/span>\n\t\t\t\t\t\t\t\t\t\t<span class=\"elementor-icon-list-text\">Traitement et analyse des donn\u00e9es<\/span>\n\t\t\t\t\t\t\t\t\t<\/li>\n\t\t\t\t\t\t<\/ul>\n\t\t\t\t\t\t<\/div>\n\t\t\t\t<\/div>\n\t\t<div class=\"elementor-element elementor-element-c1b003a e-con-full e-flex e-con e-child\" data-id=\"c1b003a\" data-element_type=\"container\" data-e-type=\"container\" data-settings=\"{&quot;background_background&quot;:&quot;classic&quot;}\">\n\t\t\t\t<div class=\"elementor-element elementor-element-3ece9ea elementor-align-center elementor-icon-list--layout-traditional elementor-list-item-link-full_width elementor-widget elementor-widget-icon-list\" data-id=\"3ece9ea\" data-element_type=\"widget\" data-e-type=\"widget\" data-widget_type=\"icon-list.default\">\n\t\t\t\t\t\t\t<ul class=\"elementor-icon-list-items\">\n\t\t\t\t\t\t\t<li class=\"elementor-icon-list-item\">\n\t\t\t\t\t\t\t\t\t\t\t<span class=\"elementor-icon-list-icon\">\n\t\t\t\t\t\t\t<svg aria-hidden=\"true\" class=\"e-font-icon-svg e-fas-print\" viewBox=\"0 0 512 512\" xmlns=\"http:\/\/www.w3.org\/2000\/svg\"><path d=\"M448 192V77.25c0-8.49-3.37-16.62-9.37-22.63L393.37 9.37c-6-6-14.14-9.37-22.63-9.37H96C78.33 0 64 14.33 64 32v160c-35.35 0-64 28.65-64 64v112c0 8.84 7.16 16 16 16h48v96c0 17.67 14.33 32 32 32h320c17.67 0 32-14.33 32-32v-96h48c8.84 0 16-7.16 16-16V256c0-35.35-28.65-64-64-64zm-64 256H128v-96h256v96zm0-224H128V64h192v48c0 8.84 7.16 16 16 16h48v96zm48 72c-13.25 0-24-10.75-24-24 0-13.26 10.75-24 24-24s24 10.74 24 24c0 13.25-10.75 24-24 24z\"><\/path><\/svg>\t\t\t\t\t\t<\/span>\n\t\t\t\t\t\t\t\t\t\t<span class=\"elementor-icon-list-text\">Impression 3D en d\u00e9p\u00f4t de filament jusqu'\u00e0 10 microns par couches<\/span>\n\t\t\t\t\t\t\t\t\t<\/li>\n\t\t\t\t\t\t\t\t<li class=\"elementor-icon-list-item\">\n\t\t\t\t\t\t\t\t\t\t\t<span class=\"elementor-icon-list-icon\">\n\t\t\t\t\t\t\t<svg aria-hidden=\"true\" class=\"e-font-icon-svg e-fas-ticket-alt\" viewBox=\"0 0 576 512\" xmlns=\"http:\/\/www.w3.org\/2000\/svg\"><path d=\"M128 160h320v192H128V160zm400 96c0 26.51 21.49 48 48 48v96c0 26.51-21.49 48-48 48H48c-26.51 0-48-21.49-48-48v-96c26.51 0 48-21.49 48-48s-21.49-48-48-48v-96c0-26.51 21.49-48 48-48h480c26.51 0 48 21.49 48 48v96c-26.51 0-48 21.49-48 48zm-48-104c0-13.255-10.745-24-24-24H120c-13.255 0-24 10.745-24 24v208c0 13.255 10.745 24 24 24h336c13.255 0 24-10.745 24-24V152z\"><\/path><\/svg>\t\t\t\t\t\t<\/span>\n\t\t\t\t\t\t\t\t\t\t<span class=\"elementor-icon-list-text\">Scan 3D pour r\u00e9paration \/ CAO prototype <\/span>\n\t\t\t\t\t\t\t\t\t<\/li>\n\t\t\t\t\t\t\t\t<li class=\"elementor-icon-list-item\">\n\t\t\t\t\t\t\t\t\t\t\t<span class=\"elementor-icon-list-icon\">\n\t\t\t\t\t\t\t<svg aria-hidden=\"true\" class=\"e-font-icon-svg e-fas-dot-circle\" viewBox=\"0 0 512 512\" xmlns=\"http:\/\/www.w3.org\/2000\/svg\"><path d=\"M256 8C119.033 8 8 119.033 8 256s111.033 248 248 248 248-111.033 248-248S392.967 8 256 8zm80 248c0 44.112-35.888 80-80 80s-80-35.888-80-80 35.888-80 80-80 80 35.888 80 80z\"><\/path><\/svg>\t\t\t\t\t\t<\/span>\n\t\t\t\t\t\t\t\t\t\t<span class=\"elementor-icon-list-text\">Filaments PLA, ABS , PETG, PC, Nylon, PVA, HIPS, ASA, PP<\/span>\n\t\t\t\t\t\t\t\t\t<\/li>\n\t\t\t\t\t\t<\/ul>\n\t\t\t\t\t\t<\/div>\n\t\t\t\t<\/div>\n\t\t\t\t<\/div>\n\t\t<div class=\"elementor-element elementor-element-05d88bf e-flex e-con-boxed e-con e-parent\" data-id=\"05d88bf\" data-element_type=\"container\" data-e-type=\"container\">\n\t\t\t\t\t<div class=\"e-con-inner\">\n\t\t\t\t<div class=\"elementor-element elementor-element-b1ff0f0 elementor-widget elementor-widget-text-editor\" data-id=\"b1ff0f0\" data-element_type=\"widget\" data-e-type=\"widget\" data-widget_type=\"text-editor.default\">\n\t\t\t\t\t\t\t\t\t<p>AeroSense est fix\u00e9e sur un drone DJI s\u00e9rie \u00ab\u00a0Phantom\u00a0\u00bb permet de d\u00e9tecter diff\u00e9rentes particules contenue dans l&rsquo;air<\/p>\t\t\t\t\t\t\t\t<\/div>\n\t\t\t\t\t<\/div>\n\t\t\t\t<\/div>\n\t\t<div class=\"elementor-element elementor-element-3b6324d e-flex e-con-boxed e-con e-parent\" data-id=\"3b6324d\" data-element_type=\"container\" data-e-type=\"container\">\n\t\t\t\t\t<div class=\"e-con-inner\">\n\t\t\t\t<div class=\"elementor-element elementor-element-21f03e4 elementor-widget elementor-widget-heading\" data-id=\"21f03e4\" data-element_type=\"widget\" data-e-type=\"widget\" data-widget_type=\"heading.default\">\n\t\t\t\t\t<h2 class=\"elementor-heading-title elementor-size-default\">Entreprise 3Dimprime<\/h2>\t\t\t\t<\/div>\n\t\t\t\t<div class=\"elementor-element elementor-element-dc06519 elementor-widget elementor-widget-heading\" data-id=\"dc06519\" data-element_type=\"widget\" data-e-type=\"widget\" data-widget_type=\"heading.default\">\n\t\t\t\t\t<h2 class=\"elementor-heading-title elementor-size-default\">Retrouvez toutes nos expertises et prestations dans le domaine du t\u00e9l\u00e9pilotage, de la mesure et de l'impression 3D<\/h2>\t\t\t\t<\/div>\n\t\t<div class=\"elementor-element elementor-element-05a3870 e-grid e-con-full e-con e-child\" data-id=\"05a3870\" data-element_type=\"container\" data-e-type=\"container\">\n\t\t\t\t<div class=\"elementor-element elementor-element-fc87118 elementor-widget elementor-widget-heading\" data-id=\"fc87118\" data-element_type=\"widget\" data-e-type=\"widget\" data-widget_type=\"heading.default\">\n\t\t\t\t\t<h3 class=\"elementor-heading-title elementor-size-default\">T\u00e9l\u00e9pilote form\u00e9 pour des mesures en zone industriel et rural<\/h3>\t\t\t\t<\/div>\n\t\t\t\t<div class=\"elementor-element elementor-element-957c098 elementor-widget elementor-widget-heading\" data-id=\"957c098\" data-element_type=\"widget\" data-e-type=\"widget\" data-widget_type=\"heading.default\">\n\t\t\t\t\t<h2 class=\"elementor-heading-title elementor-size-default\">Traitement automatis\u00e9 des donn\u00e9es  <\/h2>\t\t\t\t<\/div>\n\t\t\t\t<div class=\"elementor-element elementor-element-8f66210 elementor-widget elementor-widget-heading\" data-id=\"8f66210\" data-element_type=\"widget\" data-e-type=\"widget\" data-widget_type=\"heading.default\">\n\t\t\t\t\t<h2 class=\"elementor-heading-title elementor-size-default\">Impression 3D<br>Scan 3D<\/h2>\t\t\t\t<\/div>\n\t\t\t\t<\/div>\n\t\t\t\t\t<\/div>\n\t\t\t\t<\/div>\n\t\t<div class=\"elementor-element elementor-element-8c8012a e-flex e-con-boxed e-con e-parent\" data-id=\"8c8012a\" data-element_type=\"container\" data-e-type=\"container\">\n\t\t\t\t\t<div class=\"e-con-inner\">\n\t\t<div class=\"elementor-element elementor-element-67eddfe e-con-full e-flex e-con e-child\" data-id=\"67eddfe\" data-element_type=\"container\" data-e-type=\"container\">\n\t\t\t\t<div class=\"elementor-element elementor-element-766eee0 elementor-widget elementor-widget-image\" data-id=\"766eee0\" data-element_type=\"widget\" data-e-type=\"widget\" data-widget_type=\"image.default\">\n\t\t\t\t\t\t\t\t\t\t\t\t\t\t\t<img fetchpriority=\"high\" decoding=\"async\" width=\"474\" height=\"474\" src=\"http:\/\/3dimprime.ovh\/wp-content\/uploads\/2026\/01\/OIP-1.webp\" class=\"attachment-large size-large wp-image-29\" alt=\"\" srcset=\"http:\/\/3dimprime.ovh\/wp-content\/uploads\/2026\/01\/OIP-1.webp 474w, http:\/\/3dimprime.ovh\/wp-content\/uploads\/2026\/01\/OIP-1-300x300.webp 300w, http:\/\/3dimprime.ovh\/wp-content\/uploads\/2026\/01\/OIP-1-150x150.webp 150w\" sizes=\"(max-width: 474px) 100vw, 474px\" \/>\t\t\t\t\t\t\t\t\t\t\t\t\t\t\t<\/div>\n\t\t\t\t<\/div>\n\t\t<div class=\"elementor-element elementor-element-3b75f18 e-con-full e-flex e-con e-child\" data-id=\"3b75f18\" data-element_type=\"container\" data-e-type=\"container\">\n\t\t\t\t<div class=\"elementor-element elementor-element-e7898c5 elementor-widget elementor-widget-image\" data-id=\"e7898c5\" data-element_type=\"widget\" data-e-type=\"widget\" data-widget_type=\"image.default\">\n\t\t\t\t\t\t\t\t\t\t\t\t\t\t\t<img decoding=\"async\" width=\"474\" height=\"474\" src=\"http:\/\/3dimprime.ovh\/wp-content\/uploads\/2026\/01\/OIP.webp\" class=\"attachment-large size-large wp-image-31\" alt=\"\" srcset=\"http:\/\/3dimprime.ovh\/wp-content\/uploads\/2026\/01\/OIP.webp 474w, http:\/\/3dimprime.ovh\/wp-content\/uploads\/2026\/01\/OIP-300x300.webp 300w, http:\/\/3dimprime.ovh\/wp-content\/uploads\/2026\/01\/OIP-150x150.webp 150w\" sizes=\"(max-width: 474px) 100vw, 474px\" \/>\t\t\t\t\t\t\t\t\t\t\t\t\t\t\t<\/div>\n\t\t\t\t<\/div>\n\t\t<div class=\"elementor-element elementor-element-c42ac2c e-con-full e-flex e-con e-child\" data-id=\"c42ac2c\" data-element_type=\"container\" data-e-type=\"container\">\n\t\t\t\t<div class=\"elementor-element elementor-element-0b5d58b elementor-widget elementor-widget-image\" data-id=\"0b5d58b\" data-element_type=\"widget\" data-e-type=\"widget\" data-widget_type=\"image.default\">\n\t\t\t\t\t\t\t\t\t\t\t\t\t\t\t<img decoding=\"async\" width=\"800\" height=\"800\" src=\"http:\/\/3dimprime.ovh\/wp-content\/uploads\/2026\/01\/46a8cb27-ed96-449b-9ea3-02f9832ff984.png\" class=\"attachment-large size-large wp-image-32\" alt=\"\" srcset=\"http:\/\/3dimprime.ovh\/wp-content\/uploads\/2026\/01\/46a8cb27-ed96-449b-9ea3-02f9832ff984.png 1024w, http:\/\/3dimprime.ovh\/wp-content\/uploads\/2026\/01\/46a8cb27-ed96-449b-9ea3-02f9832ff984-300x300.png 300w, http:\/\/3dimprime.ovh\/wp-content\/uploads\/2026\/01\/46a8cb27-ed96-449b-9ea3-02f9832ff984-150x150.png 150w, http:\/\/3dimprime.ovh\/wp-content\/uploads\/2026\/01\/46a8cb27-ed96-449b-9ea3-02f9832ff984-768x768.png 768w\" sizes=\"(max-width: 800px) 100vw, 800px\" \/>\t\t\t\t\t\t\t\t\t\t\t\t\t\t\t<\/div>\n\t\t\t\t<\/div>\n\t\t\t\t\t<\/div>\n\t\t\t\t<\/div>\n\t\t<div class=\"elementor-element elementor-element-0b62767 e-grid e-con-boxed e-con e-parent\" data-id=\"0b62767\" data-element_type=\"container\" data-e-type=\"container\">\n\t\t\t\t\t<div class=\"e-con-inner\">\n\t\t\t\t<div class=\"elementor-element elementor-element-4e5532f elementor-align-center elementor-widget elementor-widget-button\" data-id=\"4e5532f\" data-element_type=\"widget\" data-e-type=\"widget\" data-widget_type=\"button.default\">\n\t\t\t\t\t\t\t\t\t\t<a class=\"elementor-button elementor-button-link elementor-size-sm\" href=\"#\">\n\t\t\t\t\t\t<span class=\"elementor-button-content-wrapper\">\n\t\t\t\t\t\t\t\t\t<span class=\"elementor-button-text\">Intervention et relevage<\/span>\n\t\t\t\t\t<\/span>\n\t\t\t\t\t<\/a>\n\t\t\t\t\t\t\t\t<\/div>\n\t\t\t\t<div class=\"elementor-element elementor-element-b2bcdc4 elementor-align-center elementor-widget elementor-widget-button\" data-id=\"b2bcdc4\" data-element_type=\"widget\" data-e-type=\"widget\" data-widget_type=\"button.default\">\n\t\t\t\t\t\t\t\t\t\t<a class=\"elementor-button elementor-button-link elementor-size-sm\" href=\"#\">\n\t\t\t\t\t\t<span class=\"elementor-button-content-wrapper\">\n\t\t\t\t\t\t\t\t\t<span class=\"elementor-button-text\">Rapport et interpr\u00e9tation<\/span>\n\t\t\t\t\t<\/span>\n\t\t\t\t\t<\/a>\n\t\t\t\t\t\t\t\t<\/div>\n\t\t\t\t<div class=\"elementor-element elementor-element-7e507b7 elementor-align-center elementor-widget elementor-widget-button\" data-id=\"7e507b7\" data-element_type=\"widget\" data-e-type=\"widget\" data-widget_type=\"button.default\">\n\t\t\t\t\t\t\t\t\t\t<a class=\"elementor-button elementor-button-link elementor-size-sm\" href=\"https:\/\/3dimprime.ovh\/index.php\/impression-3d\/\" target=\"_blank\">\n\t\t\t\t\t\t<span class=\"elementor-button-content-wrapper\">\n\t\t\t\t\t\t\t\t\t<span class=\"elementor-button-text\">Impression 3D<\/span>\n\t\t\t\t\t<\/span>\n\t\t\t\t\t<\/a>\n\t\t\t\t\t\t\t\t<\/div>\n\t\t\t\t<div class=\"elementor-element elementor-element-f0bdbe3 elementor-align-center elementor-widget elementor-widget-button\" data-id=\"f0bdbe3\" data-element_type=\"widget\" data-e-type=\"widget\" data-widget_type=\"button.default\">\n\t\t\t\t\t\t\t\t\t\t<a class=\"elementor-button elementor-button-link elementor-size-sm\" href=\"#\">\n\t\t\t\t\t\t<span class=\"elementor-button-content-wrapper\">\n\t\t\t\t\t\t\t\t\t<span class=\"elementor-button-text\">Contact<\/span>\n\t\t\t\t\t<\/span>\n\t\t\t\t\t<\/a>\n\t\t\t\t\t\t\t\t<\/div>\n\t\t\t\t\t<\/div>\n\t\t\t\t<\/div>\n\t\t<div class=\"elementor-element elementor-element-bcaa781 e-flex e-con-boxed e-con e-parent\" data-id=\"bcaa781\" data-element_type=\"container\" data-e-type=\"container\">\n\t\t\t\t\t<div class=\"e-con-inner\">\n\t\t\t\t\t<\/div>\n\t\t\t\t<\/div>\n\t\t<div class=\"elementor-element elementor-element-9c3c4a2 e-flex e-con-boxed e-con e-parent\" data-id=\"9c3c4a2\" data-element_type=\"container\" data-e-type=\"container\">\n\t\t\t\t\t<div class=\"e-con-inner\">\n\t\t\t\t\t<\/div>\n\t\t\t\t<\/div>\n\t\t\t\t<\/div>\n\t\t","protected":false},"excerpt":{"rendered":"<p>Bienvenue sur 3D imprime La solution pour mesurer et conna\u00eetre son environnement ext\u00e9rieur AeroSense Intervention sur site Collecte et mesures des \u00e9l\u00e9ments Traitement et analyse des donn\u00e9es Impression 3D en d\u00e9p\u00f4t de filament jusqu&rsquo;\u00e0 10 microns par couches Scan 3D pour r\u00e9paration \/ CAO prototype Filaments PLA, ABS , PETG, PC, Nylon, PVA, HIPS, ASA, [&hellip;]<\/p>\n","protected":false},"author":1,"featured_media":0,"parent":0,"menu_order":0,"comment_status":"closed","ping_status":"closed","template":"","meta":{"footnotes":""},"class_list":["post-17","page","type-page","status-publish","hentry"],"yoast_head":"<!-- This site is optimized with the Yoast SEO plugin v26.9 - https:\/\/yoast.com\/product\/yoast-seo-wordpress\/ -->\n<title>Page d&#039;accueil - 3Dimprime.com<\/title>\n<meta name=\"robots\" content=\"noindex, follow, max-snippet:-1, max-image-preview:large, max-video-preview:-1\" \/>\n<meta property=\"og:locale\" content=\"fr_FR\" \/>\n<meta property=\"og:type\" content=\"article\" \/>\n<meta property=\"og:title\" content=\"Page d&#039;accueil - 3Dimprime.com\" \/>\n<meta property=\"og:description\" content=\"Bienvenue sur 3D imprime La solution pour mesurer et conna\u00eetre son environnement ext\u00e9rieur AeroSense Intervention sur site Collecte et mesures des \u00e9l\u00e9ments Traitement et analyse des donn\u00e9es Impression 3D en d\u00e9p\u00f4t de filament jusqu&rsquo;\u00e0 10 microns par couches Scan 3D pour r\u00e9paration \/ CAO prototype Filaments PLA, ABS , PETG, PC, Nylon, PVA, HIPS, ASA, [&hellip;]\" \/>\n<meta property=\"og:url\" content=\"http:\/\/3dimprime.ovh\/\" \/>\n<meta property=\"og:site_name\" content=\"3Dimprime.com\" \/>\n<meta property=\"article:modified_time\" content=\"2026-02-04T15:15:55+00:00\" \/>\n<meta property=\"og:image\" content=\"http:\/\/3dimprime.ovh\/wp-content\/uploads\/2026\/01\/OIP-1.webp\" \/>\n<meta name=\"twitter:card\" content=\"summary_large_image\" \/>\n<meta name=\"twitter:label1\" content=\"Dur\u00e9e de lecture estim\u00e9e\" \/>\n\t<meta name=\"twitter:data1\" content=\"2 minutes\" \/>\n<script type=\"application\/ld+json\" class=\"yoast-schema-graph\">{\"@context\":\"https:\/\/schema.org\",\"@graph\":[{\"@type\":\"WebPage\",\"@id\":\"http:\/\/3dimprime.ovh\/\",\"url\":\"http:\/\/3dimprime.ovh\/\",\"name\":\"Page d'accueil - 3Dimprime.com\",\"isPartOf\":{\"@id\":\"http:\/\/3dimprime.ovh\/#website\"},\"primaryImageOfPage\":{\"@id\":\"http:\/\/3dimprime.ovh\/#primaryimage\"},\"image\":{\"@id\":\"http:\/\/3dimprime.ovh\/#primaryimage\"},\"thumbnailUrl\":\"http:\/\/3dimprime.ovh\/wp-content\/uploads\/2026\/01\/OIP-1.webp\",\"datePublished\":\"2026-01-19T17:32:23+00:00\",\"dateModified\":\"2026-02-04T15:15:55+00:00\",\"breadcrumb\":{\"@id\":\"http:\/\/3dimprime.ovh\/#breadcrumb\"},\"inLanguage\":\"fr-FR\",\"potentialAction\":[{\"@type\":\"ReadAction\",\"target\":[\"http:\/\/3dimprime.ovh\/\"]}]},{\"@type\":\"ImageObject\",\"inLanguage\":\"fr-FR\",\"@id\":\"http:\/\/3dimprime.ovh\/#primaryimage\",\"url\":\"http:\/\/3dimprime.ovh\/wp-content\/uploads\/2026\/01\/OIP-1.webp\",\"contentUrl\":\"http:\/\/3dimprime.ovh\/wp-content\/uploads\/2026\/01\/OIP-1.webp\"},{\"@type\":\"BreadcrumbList\",\"@id\":\"http:\/\/3dimprime.ovh\/#breadcrumb\",\"itemListElement\":[{\"@type\":\"ListItem\",\"position\":1,\"name\":\"Accueil\",\"item\":\"http:\/\/3dimprime.ovh\/\"},{\"@type\":\"ListItem\",\"position\":2,\"name\":\"Page d&rsquo;accueil\"}]},{\"@type\":\"WebSite\",\"@id\":\"http:\/\/3dimprime.ovh\/#website\",\"url\":\"http:\/\/3dimprime.ovh\/\",\"name\":\"3Dimprime.com\",\"description\":\"\",\"publisher\":{\"@id\":\"http:\/\/3dimprime.ovh\/#organization\"},\"potentialAction\":[{\"@type\":\"SearchAction\",\"target\":{\"@type\":\"EntryPoint\",\"urlTemplate\":\"http:\/\/3dimprime.ovh\/?s={search_term_string}\"},\"query-input\":{\"@type\":\"PropertyValueSpecification\",\"valueRequired\":true,\"valueName\":\"search_term_string\"}}],\"inLanguage\":\"fr-FR\"},{\"@type\":\"Organization\",\"@id\":\"http:\/\/3dimprime.ovh\/#organization\",\"name\":\"3Dimprime.com\",\"url\":\"http:\/\/3dimprime.ovh\/\",\"logo\":{\"@type\":\"ImageObject\",\"inLanguage\":\"fr-FR\",\"@id\":\"http:\/\/3dimprime.ovh\/#\/schema\/logo\/image\/\",\"url\":\"https:\/\/3dimprime.ovh\/wp-content\/uploads\/2026\/01\/Logo-entreprise-e1769253111587.png\",\"contentUrl\":\"https:\/\/3dimprime.ovh\/wp-content\/uploads\/2026\/01\/Logo-entreprise-e1769253111587.png\",\"width\":350,\"height\":350,\"caption\":\"3Dimprime.com\"},\"image\":{\"@id\":\"http:\/\/3dimprime.ovh\/#\/schema\/logo\/image\/\"}}]}<\/script>\n<!-- \/ Yoast SEO plugin. -->","yoast_head_json":{"title":"Page d'accueil - 3Dimprime.com","robots":{"index":"noindex","follow":"follow","max-snippet":"max-snippet:-1","max-image-preview":"max-image-preview:large","max-video-preview":"max-video-preview:-1"},"og_locale":"fr_FR","og_type":"article","og_title":"Page d'accueil - 3Dimprime.com","og_description":"Bienvenue sur 3D imprime La solution pour mesurer et conna\u00eetre son environnement ext\u00e9rieur AeroSense Intervention sur site Collecte et mesures des \u00e9l\u00e9ments Traitement et analyse des donn\u00e9es Impression 3D en d\u00e9p\u00f4t de filament jusqu&rsquo;\u00e0 10 microns par couches Scan 3D pour r\u00e9paration \/ CAO prototype Filaments PLA, ABS , PETG, PC, Nylon, PVA, HIPS, ASA, [&hellip;]","og_url":"http:\/\/3dimprime.ovh\/","og_site_name":"3Dimprime.com","article_modified_time":"2026-02-04T15:15:55+00:00","og_image":[{"url":"http:\/\/3dimprime.ovh\/wp-content\/uploads\/2026\/01\/OIP-1.webp","type":"","width":"","height":""}],"twitter_card":"summary_large_image","twitter_misc":{"Dur\u00e9e de lecture estim\u00e9e":"2 minutes"},"schema":{"@context":"https:\/\/schema.org","@graph":[{"@type":"WebPage","@id":"http:\/\/3dimprime.ovh\/","url":"http:\/\/3dimprime.ovh\/","name":"Page d'accueil - 3Dimprime.com","isPartOf":{"@id":"http:\/\/3dimprime.ovh\/#website"},"primaryImageOfPage":{"@id":"http:\/\/3dimprime.ovh\/#primaryimage"},"image":{"@id":"http:\/\/3dimprime.ovh\/#primaryimage"},"thumbnailUrl":"http:\/\/3dimprime.ovh\/wp-content\/uploads\/2026\/01\/OIP-1.webp","datePublished":"2026-01-19T17:32:23+00:00","dateModified":"2026-02-04T15:15:55+00:00","breadcrumb":{"@id":"http:\/\/3dimprime.ovh\/#breadcrumb"},"inLanguage":"fr-FR","potentialAction":[{"@type":"ReadAction","target":["http:\/\/3dimprime.ovh\/"]}]},{"@type":"ImageObject","inLanguage":"fr-FR","@id":"http:\/\/3dimprime.ovh\/#primaryimage","url":"http:\/\/3dimprime.ovh\/wp-content\/uploads\/2026\/01\/OIP-1.webp","contentUrl":"http:\/\/3dimprime.ovh\/wp-content\/uploads\/2026\/01\/OIP-1.webp"},{"@type":"BreadcrumbList","@id":"http:\/\/3dimprime.ovh\/#breadcrumb","itemListElement":[{"@type":"ListItem","position":1,"name":"Accueil","item":"http:\/\/3dimprime.ovh\/"},{"@type":"ListItem","position":2,"name":"Page d&rsquo;accueil"}]},{"@type":"WebSite","@id":"http:\/\/3dimprime.ovh\/#website","url":"http:\/\/3dimprime.ovh\/","name":"3Dimprime.com","description":"","publisher":{"@id":"http:\/\/3dimprime.ovh\/#organization"},"potentialAction":[{"@type":"SearchAction","target":{"@type":"EntryPoint","urlTemplate":"http:\/\/3dimprime.ovh\/?s={search_term_string}"},"query-input":{"@type":"PropertyValueSpecification","valueRequired":true,"valueName":"search_term_string"}}],"inLanguage":"fr-FR"},{"@type":"Organization","@id":"http:\/\/3dimprime.ovh\/#organization","name":"3Dimprime.com","url":"http:\/\/3dimprime.ovh\/","logo":{"@type":"ImageObject","inLanguage":"fr-FR","@id":"http:\/\/3dimprime.ovh\/#\/schema\/logo\/image\/","url":"https:\/\/3dimprime.ovh\/wp-content\/uploads\/2026\/01\/Logo-entreprise-e1769253111587.png","contentUrl":"https:\/\/3dimprime.ovh\/wp-content\/uploads\/2026\/01\/Logo-entreprise-e1769253111587.png","width":350,"height":350,"caption":"3Dimprime.com"},"image":{"@id":"http:\/\/3dimprime.ovh\/#\/schema\/logo\/image\/"}}]}},"_links":{"self":[{"href":"https:\/\/3dimprime.ovh\/index.php\/wp-json\/wp\/v2\/pages\/17","targetHints":{"allow":["GET"]}}],"collection":[{"href":"https:\/\/3dimprime.ovh\/index.php\/wp-json\/wp\/v2\/pages"}],"about":[{"href":"https:\/\/3dimprime.ovh\/index.php\/wp-json\/wp\/v2\/types\/page"}],"author":[{"embeddable":true,"href":"https:\/\/3dimprime.ovh\/index.php\/wp-json\/wp\/v2\/users\/1"}],"replies":[{"embeddable":true,"href":"https:\/\/3dimprime.ovh\/index.php\/wp-json\/wp\/v2\/comments?post=17"}],"version-history":[{"count":29,"href":"https:\/\/3dimprime.ovh\/index.php\/wp-json\/wp\/v2\/pages\/17\/revisions"}],"predecessor-version":[{"id":102,"href":"https:\/\/3dimprime.ovh\/index.php\/wp-json\/wp\/v2\/pages\/17\/revisions\/102"}],"wp:attachment":[{"href":"https:\/\/3dimprime.ovh\/index.php\/wp-json\/wp\/v2\/media?parent=17"}],"curies":[{"name":"wp","href":"https:\/\/api.w.org\/{rel}","templated":true}]}}