{"id":12,"date":"2026-02-03T15:05:24","date_gmt":"2026-02-03T15:05:24","guid":{"rendered":"https:\/\/3dimprime.ovh\/?page_id=12"},"modified":"2026-02-03T15:23:48","modified_gmt":"2026-02-03T15:23:48","slug":"aerosense","status":"publish","type":"page","link":"https:\/\/3dimprime.ovh\/index.php\/aerosense\/","title":{"rendered":"AeroSense"},"content":{"rendered":"\t\t<div data-elementor-type=\"wp-post\" data-elementor-id=\"12\" class=\"elementor elementor-12\">\n\t\t\t\t<div class=\"elementor-element elementor-element-f3fc639 e-flex e-con-boxed e-con e-parent\" data-id=\"f3fc639\" data-element_type=\"container\" data-e-type=\"container\">\n\t\t\t\t\t<div class=\"e-con-inner\">\n\t\t\t\t<div class=\"elementor-element elementor-element-147c90b elementor-widget elementor-widget-heading\" data-id=\"147c90b\" data-element_type=\"widget\" data-e-type=\"widget\" data-widget_type=\"heading.default\">\n\t\t\t\t\t<h2 class=\"elementor-heading-title elementor-size-default\">AeroSense<\/h2>\t\t\t\t<\/div>\n\t\t\t\t\t<\/div>\n\t\t\t\t<\/div>\n\t\t<div class=\"elementor-element elementor-element-c210bc3 e-flex e-con-boxed e-con e-parent\" data-id=\"c210bc3\" data-element_type=\"container\" data-e-type=\"container\">\n\t\t\t\t\t<div class=\"e-con-inner\">\n\t\t\t\t<div class=\"elementor-element elementor-element-82a9cb4 elementor-widget elementor-widget-image\" data-id=\"82a9cb4\" data-element_type=\"widget\" data-e-type=\"widget\" data-widget_type=\"image.default\">\n\t\t\t\t\t\t\t\t\t\t\t\t\t\t\t<img fetchpriority=\"high\" decoding=\"async\" width=\"800\" height=\"534\" src=\"https:\/\/3dimprime.ovh\/wp-content\/uploads\/2025\/12\/ChatGPT-Image-18-dec.-2025-15_37_07-1024x683.png\" class=\"attachment-large size-large wp-image-7\" alt=\"\" srcset=\"https:\/\/3dimprime.ovh\/wp-content\/uploads\/2025\/12\/ChatGPT-Image-18-dec.-2025-15_37_07-1024x683.png 1024w, https:\/\/3dimprime.ovh\/wp-content\/uploads\/2025\/12\/ChatGPT-Image-18-dec.-2025-15_37_07-300x200.png 300w, https:\/\/3dimprime.ovh\/wp-content\/uploads\/2025\/12\/ChatGPT-Image-18-dec.-2025-15_37_07-768x512.png 768w, https:\/\/3dimprime.ovh\/wp-content\/uploads\/2025\/12\/ChatGPT-Image-18-dec.-2025-15_37_07.png 1536w\" sizes=\"(max-width: 800px) 100vw, 800px\" \/>\t\t\t\t\t\t\t\t\t\t\t\t\t\t\t<\/div>\n\t\t\t\t\t<\/div>\n\t\t\t\t<\/div>\n\t\t<div class=\"elementor-element elementor-element-4693014 e-flex e-con-boxed e-con e-parent\" data-id=\"4693014\" data-element_type=\"container\" data-e-type=\"container\">\n\t\t\t\t\t<div class=\"e-con-inner\">\n\t\t\t\t\t<\/div>\n\t\t\t\t<\/div>\n\t\t<div class=\"elementor-element elementor-element-8f0cbe1 e-flex e-con-boxed e-con e-parent\" data-id=\"8f0cbe1\" data-element_type=\"container\" data-e-type=\"container\" data-settings=\"{&quot;background_background&quot;:&quot;classic&quot;}\">\n\t\t\t\t\t<div class=\"e-con-inner\">\n\t\t\t\t<div class=\"elementor-element elementor-element-317c3f1 elementor-widget elementor-widget-heading\" data-id=\"317c3f1\" data-element_type=\"widget\" data-e-type=\"widget\" data-widget_type=\"heading.default\">\n\t\t\t\t\t<h2 class=\"elementor-heading-title elementor-size-default\">AEROSENSE est un boitier innovant permettant de mesurer la qualit\u00e9 de l'air<\/h2>\t\t\t\t<\/div>\n\t\t<div class=\"elementor-element elementor-element-f2c91c7 e-con-full e-grid e-con e-child\" data-id=\"f2c91c7\" data-element_type=\"container\" data-e-type=\"container\" data-settings=\"{&quot;background_background&quot;:&quot;classic&quot;}\">\n\t\t\t\t<div class=\"elementor-element elementor-element-815bd8e elementor-widget elementor-widget-text-editor\" data-id=\"815bd8e\" data-element_type=\"widget\" data-e-type=\"widget\" data-widget_type=\"text-editor.default\">\n\t\t\t\t\t\t\t\t\t<h4>Gaz &amp; qualit\u00e9 chimique de l\u2019air<\/h4>\t\t\t\t\t\t\t\t<\/div>\n\t\t\t\t<div class=\"elementor-element elementor-element-9b32217 elementor-widget elementor-widget-text-editor\" data-id=\"9b32217\" data-element_type=\"widget\" data-e-type=\"widget\" data-widget_type=\"text-editor.default\">\n\t\t\t\t\t\t\t\t\t<h4><span style=\"background-color: transparent;\">Conditions environnementales<\/span><\/h4>\t\t\t\t\t\t\t\t<\/div>\n\t\t\t\t<div class=\"elementor-element elementor-element-0c505f3 elementor-widget elementor-widget-text-editor\" data-id=\"0c505f3\" data-element_type=\"widget\" data-e-type=\"widget\" data-widget_type=\"text-editor.default\">\n\t\t\t\t\t\t\t\t\t<h4>Particules fines<\/h4>\t\t\t\t\t\t\t\t<\/div>\n\t\t\t\t<div class=\"elementor-element elementor-element-397f8c6 elementor-align-center elementor-icon-list--layout-traditional elementor-list-item-link-full_width elementor-widget elementor-widget-icon-list\" data-id=\"397f8c6\" data-element_type=\"widget\" data-e-type=\"widget\" data-widget_type=\"icon-list.default\">\n\t\t\t\t\t\t\t<ul class=\"elementor-icon-list-items\">\n\t\t\t\t\t\t\t<li class=\"elementor-icon-list-item\">\n\t\t\t\t\t\t\t\t\t\t\t<span class=\"elementor-icon-list-icon\">\n\t\t\t\t\t\t\t<svg aria-hidden=\"true\" class=\"e-font-icon-svg e-fab-cloudsmith\" viewBox=\"0 0 332 512\" xmlns=\"http:\/\/www.w3.org\/2000\/svg\"><path d=\"M332.5 419.9c0 46.4-37.6 84.1-84 84.1s-84-37.7-84-84.1 37.6-84 84-84 84 37.6 84 84zm-84-243.9c46.4 0 80-37.6 80-84s-33.6-84-80-84-88 37.6-88 84-29.6 76-76 76-84 41.6-84 88 37.6 80 84 80 84-33.6 84-80 33.6-80 80-80z\"><\/path><\/svg>\t\t\t\t\t\t<\/span>\n\t\t\t\t\t\t\t\t\t\t<span class=\"elementor-icon-list-text\">Dioxyde de carbone CO\u00b2<\/span>\n\t\t\t\t\t\t\t\t\t<\/li>\n\t\t\t\t\t\t\t\t<li class=\"elementor-icon-list-item\">\n\t\t\t\t\t\t\t\t\t\t\t<span class=\"elementor-icon-list-icon\">\n\t\t\t\t\t\t\t<svg aria-hidden=\"true\" class=\"e-font-icon-svg e-fab-cloudversify\" viewBox=\"0 0 616 512\" xmlns=\"http:\/\/www.w3.org\/2000\/svg\"><path d=\"M148.6 304c8.2 68.5 67.4 115.5 146 111.3 51.2 43.3 136.8 45.8 186.4-5.6 69.2 1.1 118.5-44.6 131.5-99.5 14.8-62.5-18.2-132.5-92.1-155.1-33-88.1-131.4-101.5-186.5-85-57.3 17.3-84.3 53.2-99.3 109.7-7.8 2.7-26.5 8.9-45 24.1 11.7 0 15.2 8.9 15.2 19.5v20.4c0 10.7-8.7 19.5-19.5 19.5h-20.2c-10.7 0-19.5-6-19.5-16.7V240H98.8C95 240 88 244.3 88 251.9v40.4c0 6.4 5.3 11.8 11.7 11.8h48.9zm227.4 8c-10.7 46.3 21.7 72.4 55.3 86.8C324.1 432.6 259.7 348 296 288c-33.2 21.6-33.7 71.2-29.2 92.9-17.9-12.4-53.8-32.4-57.4-79.8-3-39.9 21.5-75.7 57-93.9C297 191.4 369.9 198.7 400 248c-14.1-48-53.8-70.1-101.8-74.8 30.9-30.7 64.4-50.3 114.2-43.7 69.8 9.3 133.2 82.8 67.7 150.5 35-16.3 48.7-54.4 47.5-76.9l10.5 19.6c11.8 22 15.2 47.6 9.4 72-9.2 39-40.6 68.8-79.7 76.5-32.1 6.3-83.1-5.1-91.8-59.2zM128 208H88.2c-8.9 0-16.2-7.3-16.2-16.2v-39.6c0-8.9 7.3-16.2 16.2-16.2H128c8.9 0 16.2 7.3 16.2 16.2v39.6c0 8.9-7.3 16.2-16.2 16.2zM10.1 168C4.5 168 0 163.5 0 157.9v-27.8c0-5.6 4.5-10.1 10.1-10.1h27.7c5.5 0 10.1 4.5 10.1 10.1v27.8c0 5.6-4.5 10.1-10.1 10.1H10.1zM168 142.7v-21.4c0-5.1 4.2-9.3 9.3-9.3h21.4c5.1 0 9.3 4.2 9.3 9.3v21.4c0 5.1-4.2 9.3-9.3 9.3h-21.4c-5.1 0-9.3-4.2-9.3-9.3zM56 235.5v25c0 6.3-5.1 11.5-11.4 11.5H19.4C13.1 272 8 266.8 8 260.5v-25c0-6.3 5.1-11.5 11.4-11.5h25.1c6.4 0 11.5 5.2 11.5 11.5z\"><\/path><\/svg>\t\t\t\t\t\t<\/span>\n\t\t\t\t\t\t\t\t\t\t<span class=\"elementor-icon-list-text\">Monoxyde de carbone CO<\/span>\n\t\t\t\t\t\t\t\t\t<\/li>\n\t\t\t\t\t\t\t\t<li class=\"elementor-icon-list-item\">\n\t\t\t\t\t\t\t\t\t\t\t<span class=\"elementor-icon-list-icon\">\n\t\t\t\t\t\t\t<svg aria-hidden=\"true\" class=\"e-font-icon-svg e-fas-flask\" viewBox=\"0 0 448 512\" xmlns=\"http:\/\/www.w3.org\/2000\/svg\"><path d=\"M437.2 403.5L320 215V64h8c13.3 0 24-10.7 24-24V24c0-13.3-10.7-24-24-24H120c-13.3 0-24 10.7-24 24v16c0 13.3 10.7 24 24 24h8v151L10.8 403.5C-18.5 450.6 15.3 512 70.9 512h306.2c55.7 0 89.4-61.5 60.1-108.5zM137.9 320l48.2-77.6c3.7-5.2 5.8-11.6 5.8-18.4V64h64v160c0 6.9 2.2 13.2 5.8 18.4l48.2 77.6h-172z\"><\/path><\/svg>\t\t\t\t\t\t<\/span>\n\t\t\t\t\t\t\t\t\t\t<span class=\"elementor-icon-list-text\">Compos\u00e9 organique volatil<\/span>\n\t\t\t\t\t\t\t\t\t<\/li>\n\t\t\t\t\t\t<\/ul>\n\t\t\t\t\t\t<\/div>\n\t\t\t\t<div class=\"elementor-element elementor-element-b2d0a90 elementor-align-center elementor-icon-list--layout-traditional elementor-list-item-link-full_width elementor-widget elementor-widget-icon-list\" data-id=\"b2d0a90\" data-element_type=\"widget\" data-e-type=\"widget\" data-widget_type=\"icon-list.default\">\n\t\t\t\t\t\t\t<ul class=\"elementor-icon-list-items\">\n\t\t\t\t\t\t\t<li class=\"elementor-icon-list-item\">\n\t\t\t\t\t\t\t\t\t\t\t<span class=\"elementor-icon-list-icon\">\n\t\t\t\t\t\t\t<svg aria-hidden=\"true\" class=\"e-font-icon-svg e-fas-temperature-high\" viewBox=\"0 0 512 512\" xmlns=\"http:\/\/www.w3.org\/2000\/svg\"><path d=\"M416 0c-52.9 0-96 43.1-96 96s43.1 96 96 96 96-43.1 96-96-43.1-96-96-96zm0 128c-17.7 0-32-14.3-32-32s14.3-32 32-32 32 14.3 32 32-14.3 32-32 32zm-160-16C256 50.1 205.9 0 144 0S32 50.1 32 112v166.5C12.3 303.2 0 334 0 368c0 79.5 64.5 144 144 144s144-64.5 144-144c0-34-12.3-64.9-32-89.5V112zM144 448c-44.1 0-80-35.9-80-80 0-25.5 12.2-48.9 32-63.8V112c0-26.5 21.5-48 48-48s48 21.5 48 48v192.2c19.8 14.8 32 38.3 32 63.8 0 44.1-35.9 80-80 80zm16-125.1V112c0-8.8-7.2-16-16-16s-16 7.2-16 16v210.9c-18.6 6.6-32 24.2-32 45.1 0 26.5 21.5 48 48 48s48-21.5 48-48c0-20.9-13.4-38.5-32-45.1z\"><\/path><\/svg>\t\t\t\t\t\t<\/span>\n\t\t\t\t\t\t\t\t\t\t<span class=\"elementor-icon-list-text\">Temp\u00e9rature<\/span>\n\t\t\t\t\t\t\t\t\t<\/li>\n\t\t\t\t\t\t\t\t<li class=\"elementor-icon-list-item\">\n\t\t\t\t\t\t\t\t\t\t\t<span class=\"elementor-icon-list-icon\">\n\t\t\t\t\t\t\t<svg aria-hidden=\"true\" class=\"e-font-icon-svg e-fas-cloud\" viewBox=\"0 0 640 512\" xmlns=\"http:\/\/www.w3.org\/2000\/svg\"><path d=\"M537.6 226.6c4.1-10.7 6.4-22.4 6.4-34.6 0-53-43-96-96-96-19.7 0-38.1 6-53.3 16.2C367 64.2 315.3 32 256 32c-88.4 0-160 71.6-160 160 0 2.7.1 5.4.2 8.1C40.2 219.8 0 273.2 0 336c0 79.5 64.5 144 144 144h368c70.7 0 128-57.3 128-128 0-61.9-44-113.6-102.4-125.4z\"><\/path><\/svg>\t\t\t\t\t\t<\/span>\n\t\t\t\t\t\t\t\t\t\t<span class=\"elementor-icon-list-text\">Humidit\u00e9<\/span>\n\t\t\t\t\t\t\t\t\t<\/li>\n\t\t\t\t\t\t\t\t<li class=\"elementor-icon-list-item\">\n\t\t\t\t\t\t\t\t\t\t\t<span class=\"elementor-icon-list-icon\">\n\t\t\t\t\t\t\t<svg aria-hidden=\"true\" class=\"e-font-icon-svg e-fas-dove\" viewBox=\"0 0 512 512\" xmlns=\"http:\/\/www.w3.org\/2000\/svg\"><path d=\"M288 167.2v-28.1c-28.2-36.3-47.1-79.3-54.1-125.2-2.1-13.5-19-18.8-27.8-8.3-21.1 24.9-37.7 54.1-48.9 86.5 34.2 38.3 80 64.6 130.8 75.1zM400 64c-44.2 0-80 35.9-80 80.1v59.4C215.6 197.3 127 133 87 41.8c-5.5-12.5-23.2-13.2-29-.9C41.4 76 32 115.2 32 156.6c0 70.8 34.1 136.9 85.1 185.9 13.2 12.7 26.1 23.2 38.9 32.8l-143.9 36C1.4 414-3.4 426.4 2.6 435.7 20 462.6 63 508.2 155.8 512c8 .3 16-2.6 22.1-7.9l65.2-56.1H320c88.4 0 160-71.5 160-159.9V128l32-64H400zm0 96.1c-8.8 0-16-7.2-16-16s7.2-16 16-16 16 7.2 16 16-7.2 16-16 16z\"><\/path><\/svg>\t\t\t\t\t\t<\/span>\n\t\t\t\t\t\t\t\t\t\t<span class=\"elementor-icon-list-text\">Pression atmosph\u00e9rique<\/span>\n\t\t\t\t\t\t\t\t\t<\/li>\n\t\t\t\t\t\t<\/ul>\n\t\t\t\t\t\t<\/div>\n\t\t\t\t<div class=\"elementor-element elementor-element-f05805c elementor-align-center elementor-icon-list--layout-traditional elementor-list-item-link-full_width elementor-widget elementor-widget-icon-list\" data-id=\"f05805c\" data-element_type=\"widget\" data-e-type=\"widget\" data-widget_type=\"icon-list.default\">\n\t\t\t\t\t\t\t<ul class=\"elementor-icon-list-items\">\n\t\t\t\t\t\t\t<li class=\"elementor-icon-list-item\">\n\t\t\t\t\t\t\t\t\t\t\t<span class=\"elementor-icon-list-icon\">\n\t\t\t\t\t\t\t<svg aria-hidden=\"true\" class=\"e-font-icon-svg e-fab-cloudscale\" viewBox=\"0 0 448 512\" xmlns=\"http:\/\/www.w3.org\/2000\/svg\"><path d=\"M318.1 154l-9.4 7.6c-22.5-19.3-51.5-33.6-83.3-33.6C153.8 128 96 188.8 96 260.3c0 6.6.4 13.1 1.4 19.4-2-56 41.8-97.4 92.6-97.4 24.2 0 46.2 9.4 62.6 24.7l-25.2 20.4c-8.3-.9-16.8 1.8-23.1 8.1-11.1 11-11.1 28.9 0 40 11.1 11 28.9 11 40 0 6.3-6.3 9-14.9 8.1-23.1l75.2-88.8c6.3-6.5-3.3-15.9-9.5-9.6zm-83.8 111.5c-5.6 5.5-14.6 5.5-20.2 0-5.6-5.6-5.6-14.6 0-20.2s14.6-5.6 20.2 0 5.6 14.7 0 20.2zM224 32C100.5 32 0 132.5 0 256s100.5 224 224 224 224-100.5 224-224S347.5 32 224 32zm0 384c-88.2 0-160-71.8-160-160S135.8 96 224 96s160 71.8 160 160-71.8 160-160 160z\"><\/path><\/svg>\t\t\t\t\t\t<\/span>\n\t\t\t\t\t\t\t\t\t\t<span class=\"elementor-icon-list-text\">PM 1.0 <\/span>\n\t\t\t\t\t\t\t\t\t<\/li>\n\t\t\t\t\t\t\t\t<li class=\"elementor-icon-list-item\">\n\t\t\t\t\t\t\t\t\t\t\t<span class=\"elementor-icon-list-icon\">\n\t\t\t\t\t\t\t<svg aria-hidden=\"true\" class=\"e-font-icon-svg e-fab-cloudscale\" viewBox=\"0 0 448 512\" xmlns=\"http:\/\/www.w3.org\/2000\/svg\"><path d=\"M318.1 154l-9.4 7.6c-22.5-19.3-51.5-33.6-83.3-33.6C153.8 128 96 188.8 96 260.3c0 6.6.4 13.1 1.4 19.4-2-56 41.8-97.4 92.6-97.4 24.2 0 46.2 9.4 62.6 24.7l-25.2 20.4c-8.3-.9-16.8 1.8-23.1 8.1-11.1 11-11.1 28.9 0 40 11.1 11 28.9 11 40 0 6.3-6.3 9-14.9 8.1-23.1l75.2-88.8c6.3-6.5-3.3-15.9-9.5-9.6zm-83.8 111.5c-5.6 5.5-14.6 5.5-20.2 0-5.6-5.6-5.6-14.6 0-20.2s14.6-5.6 20.2 0 5.6 14.7 0 20.2zM224 32C100.5 32 0 132.5 0 256s100.5 224 224 224 224-100.5 224-224S347.5 32 224 32zm0 384c-88.2 0-160-71.8-160-160S135.8 96 224 96s160 71.8 160 160-71.8 160-160 160z\"><\/path><\/svg>\t\t\t\t\t\t<\/span>\n\t\t\t\t\t\t\t\t\t\t<span class=\"elementor-icon-list-text\">PM 2.5<\/span>\n\t\t\t\t\t\t\t\t\t<\/li>\n\t\t\t\t\t\t\t\t<li class=\"elementor-icon-list-item\">\n\t\t\t\t\t\t\t\t\t\t\t<span class=\"elementor-icon-list-icon\">\n\t\t\t\t\t\t\t<svg aria-hidden=\"true\" class=\"e-font-icon-svg e-fab-cloudscale\" viewBox=\"0 0 448 512\" xmlns=\"http:\/\/www.w3.org\/2000\/svg\"><path d=\"M318.1 154l-9.4 7.6c-22.5-19.3-51.5-33.6-83.3-33.6C153.8 128 96 188.8 96 260.3c0 6.6.4 13.1 1.4 19.4-2-56 41.8-97.4 92.6-97.4 24.2 0 46.2 9.4 62.6 24.7l-25.2 20.4c-8.3-.9-16.8 1.8-23.1 8.1-11.1 11-11.1 28.9 0 40 11.1 11 28.9 11 40 0 6.3-6.3 9-14.9 8.1-23.1l75.2-88.8c6.3-6.5-3.3-15.9-9.5-9.6zm-83.8 111.5c-5.6 5.5-14.6 5.5-20.2 0-5.6-5.6-5.6-14.6 0-20.2s14.6-5.6 20.2 0 5.6 14.7 0 20.2zM224 32C100.5 32 0 132.5 0 256s100.5 224 224 224 224-100.5 224-224S347.5 32 224 32zm0 384c-88.2 0-160-71.8-160-160S135.8 96 224 96s160 71.8 160 160-71.8 160-160 160z\"><\/path><\/svg>\t\t\t\t\t\t<\/span>\n\t\t\t\t\t\t\t\t\t\t<span class=\"elementor-icon-list-text\">PM 4.0<\/span>\n\t\t\t\t\t\t\t\t\t<\/li>\n\t\t\t\t\t\t\t\t<li class=\"elementor-icon-list-item\">\n\t\t\t\t\t\t\t\t\t\t\t<span class=\"elementor-icon-list-icon\">\n\t\t\t\t\t\t\t<svg aria-hidden=\"true\" class=\"e-font-icon-svg e-fab-cloudscale\" viewBox=\"0 0 448 512\" xmlns=\"http:\/\/www.w3.org\/2000\/svg\"><path d=\"M318.1 154l-9.4 7.6c-22.5-19.3-51.5-33.6-83.3-33.6C153.8 128 96 188.8 96 260.3c0 6.6.4 13.1 1.4 19.4-2-56 41.8-97.4 92.6-97.4 24.2 0 46.2 9.4 62.6 24.7l-25.2 20.4c-8.3-.9-16.8 1.8-23.1 8.1-11.1 11-11.1 28.9 0 40 11.1 11 28.9 11 40 0 6.3-6.3 9-14.9 8.1-23.1l75.2-88.8c6.3-6.5-3.3-15.9-9.5-9.6zm-83.8 111.5c-5.6 5.5-14.6 5.5-20.2 0-5.6-5.6-5.6-14.6 0-20.2s14.6-5.6 20.2 0 5.6 14.7 0 20.2zM224 32C100.5 32 0 132.5 0 256s100.5 224 224 224 224-100.5 224-224S347.5 32 224 32zm0 384c-88.2 0-160-71.8-160-160S135.8 96 224 96s160 71.8 160 160-71.8 160-160 160z\"><\/path><\/svg>\t\t\t\t\t\t<\/span>\n\t\t\t\t\t\t\t\t\t\t<span class=\"elementor-icon-list-text\">PM 10<\/span>\n\t\t\t\t\t\t\t\t\t<\/li>\n\t\t\t\t\t\t<\/ul>\n\t\t\t\t\t\t<\/div>\n\t\t\t\t<\/div>\n\t\t\t\t\t<\/div>\n\t\t\t\t<\/div>\n\t\t<div class=\"elementor-element elementor-element-5c859e7 e-flex e-con-boxed e-con e-parent\" data-id=\"5c859e7\" data-element_type=\"container\" data-e-type=\"container\">\n\t\t\t\t\t<div class=\"e-con-inner\">\n\t\t\t\t<div class=\"elementor-element elementor-element-189e8ae elementor-widget elementor-widget-image\" data-id=\"189e8ae\" data-element_type=\"widget\" data-e-type=\"widget\" data-widget_type=\"image.default\">\n\t\t\t\t\t\t\t\t\t\t\t\t\t\t\t<img decoding=\"async\" width=\"800\" height=\"800\" src=\"https:\/\/3dimprime.ovh\/wp-content\/uploads\/2026\/01\/c841843b-34dd-4ccf-8ca1-746cd478a8e1.png\" class=\"attachment-large size-large wp-image-26\" alt=\"\" srcset=\"https:\/\/3dimprime.ovh\/wp-content\/uploads\/2026\/01\/c841843b-34dd-4ccf-8ca1-746cd478a8e1.png 1024w, https:\/\/3dimprime.ovh\/wp-content\/uploads\/2026\/01\/c841843b-34dd-4ccf-8ca1-746cd478a8e1-300x300.png 300w, https:\/\/3dimprime.ovh\/wp-content\/uploads\/2026\/01\/c841843b-34dd-4ccf-8ca1-746cd478a8e1-150x150.png 150w, https:\/\/3dimprime.ovh\/wp-content\/uploads\/2026\/01\/c841843b-34dd-4ccf-8ca1-746cd478a8e1-768x768.png 768w\" sizes=\"(max-width: 800px) 100vw, 800px\" \/>\t\t\t\t\t\t\t\t\t\t\t\t\t\t\t<\/div>\n\t\t\t\t\t<\/div>\n\t\t\t\t<\/div>\n\t\t<div class=\"elementor-element elementor-element-d20343f e-flex e-con-boxed e-con e-parent\" data-id=\"d20343f\" data-element_type=\"container\" data-e-type=\"container\">\n\t\t\t\t\t<div class=\"e-con-inner\">\n\t\t<div class=\"elementor-element elementor-element-3bf27fd e-con-full e-flex e-con e-child\" data-id=\"3bf27fd\" data-element_type=\"container\" data-e-type=\"container\">\n\t\t\t\t<\/div>\n\t\t<div class=\"elementor-element elementor-element-716ab3f e-con-full e-flex e-con e-child\" data-id=\"716ab3f\" data-element_type=\"container\" data-e-type=\"container\">\n\t\t\t\t<\/div>\n\t\t<div class=\"elementor-element elementor-element-3f78ea1 e-con-full e-flex e-con e-child\" data-id=\"3f78ea1\" data-element_type=\"container\" data-e-type=\"container\">\n\t\t\t\t<\/div>\n\t\t<div class=\"elementor-element elementor-element-6e9a36c e-con-full e-flex e-con e-child\" data-id=\"6e9a36c\" data-element_type=\"container\" data-e-type=\"container\">\n\t\t\t\t<\/div>\n\t\t<div class=\"elementor-element elementor-element-b252b30 e-con-full e-flex e-con e-child\" data-id=\"b252b30\" data-element_type=\"container\" data-e-type=\"container\">\n\t\t\t\t<\/div>\n\t\t<div class=\"elementor-element elementor-element-468af3f e-con-full e-flex e-con e-child\" data-id=\"468af3f\" data-element_type=\"container\" data-e-type=\"container\">\n\t\t\t\t<\/div>\n\t\t\t\t\t<\/div>\n\t\t\t\t<\/div>\n\t\t\t\t<\/div>\n\t\t","protected":false},"excerpt":{"rendered":"<p>AeroSense AEROSENSE est un boitier innovant permettant de mesurer la qualit\u00e9 de l&rsquo;air Gaz &amp; qualit\u00e9 chimique de l\u2019air Conditions environnementales Particules fines Dioxyde de carbone CO\u00b2 Monoxyde de carbone CO Compos\u00e9 organique volatil Temp\u00e9rature Humidit\u00e9 Pression atmosph\u00e9rique PM 1.0 PM 2.5 PM 4.0 PM 10<\/p>\n","protected":false},"author":1,"featured_media":7,"parent":0,"menu_order":0,"comment_status":"closed","ping_status":"closed","template":"elementor_theme","meta":{"footnotes":""},"class_list":["post-12","page","type-page","status-publish","has-post-thumbnail","hentry"],"yoast_head":"<!-- This site is optimized with the Yoast SEO plugin v26.9 - https:\/\/yoast.com\/product\/yoast-seo-wordpress\/ -->\n<title>AeroSense - 3Dimprime.com<\/title>\n<meta name=\"robots\" content=\"noindex, follow, max-snippet:-1, max-image-preview:large, max-video-preview:-1\" \/>\n<meta property=\"og:locale\" content=\"fr_FR\" \/>\n<meta property=\"og:type\" content=\"article\" \/>\n<meta property=\"og:title\" content=\"AeroSense - 3Dimprime.com\" \/>\n<meta property=\"og:description\" content=\"AeroSense AEROSENSE est un boitier innovant permettant de mesurer la qualit\u00e9 de l&rsquo;air Gaz &amp; qualit\u00e9 chimique de l\u2019air Conditions environnementales Particules fines Dioxyde de carbone CO\u00b2 Monoxyde de carbone CO Compos\u00e9 organique volatil Temp\u00e9rature Humidit\u00e9 Pression atmosph\u00e9rique PM 1.0 PM 2.5 PM 4.0 PM 10\" \/>\n<meta property=\"og:url\" content=\"https:\/\/3dimprime.ovh\/index.php\/aerosense\/\" \/>\n<meta property=\"og:site_name\" content=\"3Dimprime.com\" \/>\n<meta property=\"article:modified_time\" content=\"2026-02-03T15:23:48+00:00\" \/>\n<meta property=\"og:image\" content=\"https:\/\/3dimprime.ovh\/wp-content\/uploads\/2025\/12\/ChatGPT-Image-18-dec.-2025-15_37_07.png\" \/>\n\t<meta property=\"og:image:width\" content=\"1536\" \/>\n\t<meta property=\"og:image:height\" content=\"1024\" \/>\n\t<meta property=\"og:image:type\" content=\"image\/png\" \/>\n<meta name=\"twitter:card\" content=\"summary_large_image\" \/>\n<meta name=\"twitter:label1\" content=\"Dur\u00e9e de lecture estim\u00e9e\" \/>\n\t<meta name=\"twitter:data1\" content=\"1 minute\" \/>\n<script type=\"application\/ld+json\" class=\"yoast-schema-graph\">{\"@context\":\"https:\/\/schema.org\",\"@graph\":[{\"@type\":\"WebPage\",\"@id\":\"https:\/\/3dimprime.ovh\/index.php\/aerosense\/\",\"url\":\"https:\/\/3dimprime.ovh\/index.php\/aerosense\/\",\"name\":\"AeroSense - 3Dimprime.com\",\"isPartOf\":{\"@id\":\"http:\/\/3dimprime.ovh\/#website\"},\"primaryImageOfPage\":{\"@id\":\"https:\/\/3dimprime.ovh\/index.php\/aerosense\/#primaryimage\"},\"image\":{\"@id\":\"https:\/\/3dimprime.ovh\/index.php\/aerosense\/#primaryimage\"},\"thumbnailUrl\":\"https:\/\/3dimprime.ovh\/wp-content\/uploads\/2025\/12\/ChatGPT-Image-18-dec.-2025-15_37_07.png\",\"datePublished\":\"2026-02-03T15:05:24+00:00\",\"dateModified\":\"2026-02-03T15:23:48+00:00\",\"breadcrumb\":{\"@id\":\"https:\/\/3dimprime.ovh\/index.php\/aerosense\/#breadcrumb\"},\"inLanguage\":\"fr-FR\",\"potentialAction\":[{\"@type\":\"ReadAction\",\"target\":[\"https:\/\/3dimprime.ovh\/index.php\/aerosense\/\"]}]},{\"@type\":\"ImageObject\",\"inLanguage\":\"fr-FR\",\"@id\":\"https:\/\/3dimprime.ovh\/index.php\/aerosense\/#primaryimage\",\"url\":\"https:\/\/3dimprime.ovh\/wp-content\/uploads\/2025\/12\/ChatGPT-Image-18-dec.-2025-15_37_07.png\",\"contentUrl\":\"https:\/\/3dimprime.ovh\/wp-content\/uploads\/2025\/12\/ChatGPT-Image-18-dec.-2025-15_37_07.png\",\"width\":1536,\"height\":1024},{\"@type\":\"BreadcrumbList\",\"@id\":\"https:\/\/3dimprime.ovh\/index.php\/aerosense\/#breadcrumb\",\"itemListElement\":[{\"@type\":\"ListItem\",\"position\":1,\"name\":\"Accueil\",\"item\":\"http:\/\/3dimprime.ovh\/\"},{\"@type\":\"ListItem\",\"position\":2,\"name\":\"AeroSense\"}]},{\"@type\":\"WebSite\",\"@id\":\"http:\/\/3dimprime.ovh\/#website\",\"url\":\"http:\/\/3dimprime.ovh\/\",\"name\":\"3Dimprime.com\",\"description\":\"\",\"publisher\":{\"@id\":\"http:\/\/3dimprime.ovh\/#organization\"},\"potentialAction\":[{\"@type\":\"SearchAction\",\"target\":{\"@type\":\"EntryPoint\",\"urlTemplate\":\"http:\/\/3dimprime.ovh\/?s={search_term_string}\"},\"query-input\":{\"@type\":\"PropertyValueSpecification\",\"valueRequired\":true,\"valueName\":\"search_term_string\"}}],\"inLanguage\":\"fr-FR\"},{\"@type\":\"Organization\",\"@id\":\"http:\/\/3dimprime.ovh\/#organization\",\"name\":\"3Dimprime.com\",\"url\":\"http:\/\/3dimprime.ovh\/\",\"logo\":{\"@type\":\"ImageObject\",\"inLanguage\":\"fr-FR\",\"@id\":\"http:\/\/3dimprime.ovh\/#\/schema\/logo\/image\/\",\"url\":\"https:\/\/3dimprime.ovh\/wp-content\/uploads\/2026\/01\/Logo-entreprise-e1769253111587.png\",\"contentUrl\":\"https:\/\/3dimprime.ovh\/wp-content\/uploads\/2026\/01\/Logo-entreprise-e1769253111587.png\",\"width\":350,\"height\":350,\"caption\":\"3Dimprime.com\"},\"image\":{\"@id\":\"http:\/\/3dimprime.ovh\/#\/schema\/logo\/image\/\"}}]}<\/script>\n<!-- \/ Yoast SEO plugin. -->","yoast_head_json":{"title":"AeroSense - 3Dimprime.com","robots":{"index":"noindex","follow":"follow","max-snippet":"max-snippet:-1","max-image-preview":"max-image-preview:large","max-video-preview":"max-video-preview:-1"},"og_locale":"fr_FR","og_type":"article","og_title":"AeroSense - 3Dimprime.com","og_description":"AeroSense AEROSENSE est un boitier innovant permettant de mesurer la qualit\u00e9 de l&rsquo;air Gaz &amp; qualit\u00e9 chimique de l\u2019air Conditions environnementales Particules fines Dioxyde de carbone CO\u00b2 Monoxyde de carbone CO Compos\u00e9 organique volatil Temp\u00e9rature Humidit\u00e9 Pression atmosph\u00e9rique PM 1.0 PM 2.5 PM 4.0 PM 10","og_url":"https:\/\/3dimprime.ovh\/index.php\/aerosense\/","og_site_name":"3Dimprime.com","article_modified_time":"2026-02-03T15:23:48+00:00","og_image":[{"width":1536,"height":1024,"url":"https:\/\/3dimprime.ovh\/wp-content\/uploads\/2025\/12\/ChatGPT-Image-18-dec.-2025-15_37_07.png","type":"image\/png"}],"twitter_card":"summary_large_image","twitter_misc":{"Dur\u00e9e de lecture estim\u00e9e":"1 minute"},"schema":{"@context":"https:\/\/schema.org","@graph":[{"@type":"WebPage","@id":"https:\/\/3dimprime.ovh\/index.php\/aerosense\/","url":"https:\/\/3dimprime.ovh\/index.php\/aerosense\/","name":"AeroSense - 3Dimprime.com","isPartOf":{"@id":"http:\/\/3dimprime.ovh\/#website"},"primaryImageOfPage":{"@id":"https:\/\/3dimprime.ovh\/index.php\/aerosense\/#primaryimage"},"image":{"@id":"https:\/\/3dimprime.ovh\/index.php\/aerosense\/#primaryimage"},"thumbnailUrl":"https:\/\/3dimprime.ovh\/wp-content\/uploads\/2025\/12\/ChatGPT-Image-18-dec.-2025-15_37_07.png","datePublished":"2026-02-03T15:05:24+00:00","dateModified":"2026-02-03T15:23:48+00:00","breadcrumb":{"@id":"https:\/\/3dimprime.ovh\/index.php\/aerosense\/#breadcrumb"},"inLanguage":"fr-FR","potentialAction":[{"@type":"ReadAction","target":["https:\/\/3dimprime.ovh\/index.php\/aerosense\/"]}]},{"@type":"ImageObject","inLanguage":"fr-FR","@id":"https:\/\/3dimprime.ovh\/index.php\/aerosense\/#primaryimage","url":"https:\/\/3dimprime.ovh\/wp-content\/uploads\/2025\/12\/ChatGPT-Image-18-dec.-2025-15_37_07.png","contentUrl":"https:\/\/3dimprime.ovh\/wp-content\/uploads\/2025\/12\/ChatGPT-Image-18-dec.-2025-15_37_07.png","width":1536,"height":1024},{"@type":"BreadcrumbList","@id":"https:\/\/3dimprime.ovh\/index.php\/aerosense\/#breadcrumb","itemListElement":[{"@type":"ListItem","position":1,"name":"Accueil","item":"http:\/\/3dimprime.ovh\/"},{"@type":"ListItem","position":2,"name":"AeroSense"}]},{"@type":"WebSite","@id":"http:\/\/3dimprime.ovh\/#website","url":"http:\/\/3dimprime.ovh\/","name":"3Dimprime.com","description":"","publisher":{"@id":"http:\/\/3dimprime.ovh\/#organization"},"potentialAction":[{"@type":"SearchAction","target":{"@type":"EntryPoint","urlTemplate":"http:\/\/3dimprime.ovh\/?s={search_term_string}"},"query-input":{"@type":"PropertyValueSpecification","valueRequired":true,"valueName":"search_term_string"}}],"inLanguage":"fr-FR"},{"@type":"Organization","@id":"http:\/\/3dimprime.ovh\/#organization","name":"3Dimprime.com","url":"http:\/\/3dimprime.ovh\/","logo":{"@type":"ImageObject","inLanguage":"fr-FR","@id":"http:\/\/3dimprime.ovh\/#\/schema\/logo\/image\/","url":"https:\/\/3dimprime.ovh\/wp-content\/uploads\/2026\/01\/Logo-entreprise-e1769253111587.png","contentUrl":"https:\/\/3dimprime.ovh\/wp-content\/uploads\/2026\/01\/Logo-entreprise-e1769253111587.png","width":350,"height":350,"caption":"3Dimprime.com"},"image":{"@id":"http:\/\/3dimprime.ovh\/#\/schema\/logo\/image\/"}}]}},"_links":{"self":[{"href":"https:\/\/3dimprime.ovh\/index.php\/wp-json\/wp\/v2\/pages\/12","targetHints":{"allow":["GET"]}}],"collection":[{"href":"https:\/\/3dimprime.ovh\/index.php\/wp-json\/wp\/v2\/pages"}],"about":[{"href":"https:\/\/3dimprime.ovh\/index.php\/wp-json\/wp\/v2\/types\/page"}],"author":[{"embeddable":true,"href":"https:\/\/3dimprime.ovh\/index.php\/wp-json\/wp\/v2\/users\/1"}],"replies":[{"embeddable":true,"href":"https:\/\/3dimprime.ovh\/index.php\/wp-json\/wp\/v2\/comments?post=12"}],"version-history":[{"count":10,"href":"https:\/\/3dimprime.ovh\/index.php\/wp-json\/wp\/v2\/pages\/12\/revisions"}],"predecessor-version":[{"id":94,"href":"https:\/\/3dimprime.ovh\/index.php\/wp-json\/wp\/v2\/pages\/12\/revisions\/94"}],"wp:featuredmedia":[{"embeddable":true,"href":"https:\/\/3dimprime.ovh\/index.php\/wp-json\/wp\/v2\/media\/7"}],"wp:attachment":[{"href":"https:\/\/3dimprime.ovh\/index.php\/wp-json\/wp\/v2\/media?parent=12"}],"curies":[{"name":"wp","href":"https:\/\/api.w.org\/{rel}","templated":true}]}}